{"id":4715,"date":"2024-09-18T15:45:25","date_gmt":"2024-09-18T13:45:25","guid":{"rendered":"https:\/\/www.blueafricasummit.com\/?page_id=4715"},"modified":"2026-01-20T08:47:27","modified_gmt":"2026-01-20T07:47:27","slug":"inscription","status":"publish","type":"page","link":"https:\/\/www.blueafricasummit.com\/en\/inscription\/","title":{"rendered":"Register"},"content":{"rendered":"<div data-elementor-type=\"wp-page\" data-elementor-id=\"4715\" class=\"elementor elementor-4715\" data-elementor-post-type=\"page\">\n\t\t\t\t\t\t<section class=\"elementor-section elementor-top-section elementor-element elementor-element-a50ef4a elementor-section-boxed elementor-section-height-default elementor-section-height-default\" data-id=\"a50ef4a\" data-element_type=\"section\" data-e-type=\"section\" data-settings=\"{&quot;grandconference_ext_is_background_parallax&quot;:&quot;false&quot;,&quot;grandconference_ext_is_background_on_scroll&quot;:&quot;false&quot;}\">\n\t\t\t\t\t\t<div class=\"elementor-container elementor-column-gap-default\">\n\t\t\t\t\t<div class=\"elementor-column elementor-col-100 elementor-top-column elementor-element elementor-element-bf2a8c0\" data-id=\"bf2a8c0\" data-element_type=\"column\" data-e-type=\"column\" data-settings=\"{&quot;grandconference_ext_link_sidemenu&quot;:&quot;false&quot;,&quot;grandconference_ext_link_fullmenu&quot;:&quot;false&quot;,&quot;grandconference_ext_is_sticky&quot;:&quot;false&quot;,&quot;grandconference_ext_is_scrollme&quot;:&quot;false&quot;,&quot;grandconference_ext_is_smoove&quot;:&quot;false&quot;,&quot;grandconference_ext_is_parallax_mouse&quot;:&quot;false&quot;,&quot;grandconference_ext_is_infinite&quot;:&quot;false&quot;,&quot;grandconference_ext_is_fadeout_animation&quot;:&quot;false&quot;}\">\n\t\t\t<div class=\"elementor-widget-wrap elementor-element-populated\">\n\t\t\t\t\t\t<div class=\"elementor-element elementor-element-74255ff elementor-widget__width-initial elementor-widget elementor-widget-image\" data-id=\"74255ff\" data-element_type=\"widget\" data-e-type=\"widget\" data-settings=\"{&quot;grandconference_image_is_animation&quot;:&quot;false&quot;,&quot;grandconference_ext_link_sidemenu&quot;:&quot;false&quot;,&quot;grandconference_ext_link_fullmenu&quot;:&quot;false&quot;,&quot;grandconference_ext_is_sticky&quot;:&quot;false&quot;,&quot;grandconference_ext_is_scrollme&quot;:&quot;false&quot;,&quot;grandconference_ext_is_smoove&quot;:&quot;false&quot;,&quot;grandconference_ext_is_parallax_mouse&quot;:&quot;false&quot;,&quot;grandconference_ext_is_infinite&quot;:&quot;false&quot;,&quot;grandconference_ext_is_fadeout_animation&quot;:&quot;false&quot;}\" data-widget_type=\"image.default\">\n\t\t\t\t<div class=\"elementor-widget-container\">\n\t\t\t\t\t\t\t\t\t\t\t\t\t\t\t<img fetchpriority=\"high\" decoding=\"async\" width=\"1280\" height=\"182\" src=\"https:\/\/www.blueafricasummit.com\/wp-content\/uploads\/2025\/12\/Bas-ABC-banniere-.png\" class=\"attachment-2048x2048 size-2048x2048 wp-image-8176\" alt=\"\" \/>\t\t\t\t\t\t\t\t\t\t\t\t\t\t\t<\/div>\n\t\t\t\t<\/div>\n\t\t\t\t\t<\/div>\n\t\t<\/div>\n\t\t\t\t\t<\/div>\n\t\t<\/section>\n\t\t\t\t<section class=\"elementor-section elementor-top-section elementor-element elementor-element-7a35e3c elementor-section-boxed elementor-section-height-default elementor-section-height-default\" data-id=\"7a35e3c\" data-element_type=\"section\" data-e-type=\"section\" data-settings=\"{&quot;grandconference_ext_is_background_parallax&quot;:&quot;false&quot;,&quot;grandconference_ext_is_background_on_scroll&quot;:&quot;false&quot;}\">\n\t\t\t\t\t\t<div class=\"elementor-container elementor-column-gap-default\">\n\t\t\t\t\t<div class=\"elementor-column elementor-col-100 elementor-top-column elementor-element elementor-element-b121441\" data-id=\"b121441\" data-element_type=\"column\" data-e-type=\"column\" data-settings=\"{&quot;grandconference_ext_link_sidemenu&quot;:&quot;false&quot;,&quot;grandconference_ext_link_fullmenu&quot;:&quot;false&quot;,&quot;grandconference_ext_is_sticky&quot;:&quot;false&quot;,&quot;grandconference_ext_is_scrollme&quot;:&quot;false&quot;,&quot;grandconference_ext_is_smoove&quot;:&quot;false&quot;,&quot;grandconference_ext_is_parallax_mouse&quot;:&quot;false&quot;,&quot;grandconference_ext_is_infinite&quot;:&quot;false&quot;,&quot;grandconference_ext_is_fadeout_animation&quot;:&quot;false&quot;}\">\n\t\t\t<div class=\"elementor-widget-wrap elementor-element-populated\">\n\t\t\t\t\t\t<div class=\"elementor-element elementor-element-d24fd62 elementor-widget__width-initial elementor-widget elementor-widget-text-editor\" data-id=\"d24fd62\" data-element_type=\"widget\" data-e-type=\"widget\" data-settings=\"{&quot;grandconference_ext_link_sidemenu&quot;:&quot;false&quot;,&quot;grandconference_ext_link_fullmenu&quot;:&quot;false&quot;,&quot;grandconference_ext_is_sticky&quot;:&quot;false&quot;,&quot;grandconference_ext_is_scrollme&quot;:&quot;false&quot;,&quot;grandconference_ext_is_smoove&quot;:&quot;false&quot;,&quot;grandconference_ext_is_parallax_mouse&quot;:&quot;false&quot;,&quot;grandconference_ext_is_infinite&quot;:&quot;false&quot;,&quot;grandconference_ext_is_fadeout_animation&quot;:&quot;false&quot;}\" data-widget_type=\"text-editor.default\">\n\t\t\t\t<div class=\"elementor-widget-container\">\n\t\t\t\t\t\t\t\t\t<p style=\"text-align: center;\">3rd Meeting of the Colleges of Experts for a Pact for a Sustainable Blue Africa \u2013 Africa Blue Compass \u2013 January 29, 2026.<\/p>\n<p style=\"text-align: center;\"><strong style=\"font-family: inherit; font-style: inherit; letter-spacing: 0px;\">\nJoin the discussions online or in person in Rabat, Morocco!\n<\/strong><\/p>\n<p style=\"text-align: center;\">Register\n<span style=\"text-decoration: underline; color: #ff2d55;\">\n<strong>before December 27<\/strong>\n<\/span>\nand receive your online access link or your invitation to attend in person by email.<\/p>\n<p style=\"text-align: center;\"><span style=\"font-size: 15px; letter-spacing: 0px;\">\nFor more information, you can contact us by email at\n<\/span>\n<a style=\"font-size: 15px; letter-spacing: 0px;\" href=\"mailto:contact@blueafricasummit.com\">\ncontact@blueafricasummit.com\n<\/a>.<\/p>\t\t\t\t\t\t\t\t<\/div>\n\t\t\t\t<\/div>\n\t\t\t\t\t<\/div>\n\t\t<\/div>\n\t\t\t\t\t<\/div>\n\t\t<\/section>\n\t\t\t\t<\/div>","protected":false},"excerpt":{"rendered":"<p>3e r\u00e9union des coll\u00e8ges d\u2019experts pour un Pacte pour une Afrique bleue durable &#8211; Africa Blue Compass &#8211; 29 janvier 2026. Contribuez aux \u00e9changes en ligne ou en pr\u00e9sentiel \u00e0 Rabat au Maroc ! Inscrivez-vous avant le 27 d\u00e9cembre et [&hellip;]<\/p>\n","protected":false},"author":1,"featured_media":0,"parent":0,"menu_order":0,"comment_status":"closed","ping_status":"closed","template":"","meta":{"_seopress_robots_primary_cat":"","_seopress_titles_title":"%%post_title%% %%sep%% %%sitetitle%%","_seopress_titles_desc":"","_seopress_robots_index":"","_monsterinsights_skip_tracking":false,"_monsterinsights_sitenote_active":false,"_monsterinsights_sitenote_note":"","_monsterinsights_sitenote_category":0,"footnotes":""},"class_list":["post-4715","page","type-page","status-publish","hentry"],"yoast_head":"<!-- This site is optimized with the Yoast SEO plugin v27.0 - https:\/\/yoast.com\/product\/yoast-seo-wordpress\/ -->\n<title>Inscription - Blue Africa Summit<\/title>\n<meta name=\"robots\" content=\"index, follow, max-snippet:-1, max-image-preview:large, max-video-preview:-1\" \/>\n<link rel=\"canonical\" href=\"https:\/\/www.blueafricasummit.com\/en\/inscription\/\" \/>\n<meta property=\"og:locale\" content=\"en_US\" \/>\n<meta property=\"og:type\" content=\"article\" \/>\n<meta property=\"og:title\" content=\"Inscription - Blue Africa Summit\" \/>\n<meta property=\"og:description\" content=\"3e r\u00e9union des coll\u00e8ges d\u2019experts pour un Pacte pour une Afrique bleue durable &#8211; Africa Blue Compass &#8211; 29 janvier 2026. Contribuez aux \u00e9changes en ligne ou en pr\u00e9sentiel \u00e0 Rabat au Maroc ! Inscrivez-vous avant le 27 d\u00e9cembre et [&hellip;]\" \/>\n<meta property=\"og:url\" content=\"https:\/\/www.blueafricasummit.com\/en\/inscription\/\" \/>\n<meta property=\"og:site_name\" content=\"Blue Africa Summit\" \/>\n<meta property=\"article:modified_time\" content=\"2026-01-20T07:47:27+00:00\" \/>\n<meta property=\"og:image\" content=\"https:\/\/www.blueafricasummit.com\/wp-content\/uploads\/2025\/12\/Bas-ABC-banniere-.png\" \/>\n<meta name=\"twitter:card\" content=\"summary_large_image\" \/>\n<meta name=\"twitter:label1\" content=\"Est. reading time\" \/>\n\t<meta name=\"twitter:data1\" content=\"1 minute\" \/>\n<script type=\"application\/ld+json\" class=\"yoast-schema-graph\">{\"@context\":\"https:\/\/schema.org\",\"@graph\":[{\"@type\":\"WebPage\",\"@id\":\"https:\/\/www.blueafricasummit.com\/inscription\/\",\"url\":\"https:\/\/www.blueafricasummit.com\/inscription\/\",\"name\":\"Inscription - Blue Africa Summit\",\"isPartOf\":{\"@id\":\"https:\/\/www.blueafricasummit.com\/#website\"},\"primaryImageOfPage\":{\"@id\":\"https:\/\/www.blueafricasummit.com\/inscription\/#primaryimage\"},\"image\":{\"@id\":\"https:\/\/www.blueafricasummit.com\/inscription\/#primaryimage\"},\"thumbnailUrl\":\"https:\/\/www.blueafricasummit.com\/wp-content\/uploads\/2025\/12\/Bas-ABC-banniere-.png\",\"datePublished\":\"2024-09-18T13:45:25+00:00\",\"dateModified\":\"2026-01-20T07:47:27+00:00\",\"breadcrumb\":{\"@id\":\"https:\/\/www.blueafricasummit.com\/inscription\/#breadcrumb\"},\"inLanguage\":\"en-US\",\"potentialAction\":[{\"@type\":\"ReadAction\",\"target\":[\"https:\/\/www.blueafricasummit.com\/inscription\/\"]}]},{\"@type\":\"ImageObject\",\"inLanguage\":\"en-US\",\"@id\":\"https:\/\/www.blueafricasummit.com\/inscription\/#primaryimage\",\"url\":\"https:\/\/www.blueafricasummit.com\/wp-content\/uploads\/2025\/12\/Bas-ABC-banniere-.png\",\"contentUrl\":\"https:\/\/www.blueafricasummit.com\/wp-content\/uploads\/2025\/12\/Bas-ABC-banniere-.png\"},{\"@type\":\"BreadcrumbList\",\"@id\":\"https:\/\/www.blueafricasummit.com\/inscription\/#breadcrumb\",\"itemListElement\":[{\"@type\":\"ListItem\",\"position\":1,\"name\":\"Accueil\",\"item\":\"https:\/\/www.blueafricasummit.com\/\"},{\"@type\":\"ListItem\",\"position\":2,\"name\":\"Inscription\"}]},{\"@type\":\"WebSite\",\"@id\":\"https:\/\/www.blueafricasummit.com\/#website\",\"url\":\"https:\/\/www.blueafricasummit.com\/\",\"name\":\"Blue Africa Summit\",\"description\":\"\",\"potentialAction\":[{\"@type\":\"SearchAction\",\"target\":{\"@type\":\"EntryPoint\",\"urlTemplate\":\"https:\/\/www.blueafricasummit.com\/?s={search_term_string}\"},\"query-input\":{\"@type\":\"PropertyValueSpecification\",\"valueRequired\":true,\"valueName\":\"search_term_string\"}}],\"inLanguage\":\"en-US\"}]}<\/script>\n<!-- \/ Yoast SEO plugin. -->","yoast_head_json":{"title":"Inscription - Blue Africa Summit","robots":{"index":"index","follow":"follow","max-snippet":"max-snippet:-1","max-image-preview":"max-image-preview:large","max-video-preview":"max-video-preview:-1"},"canonical":"https:\/\/www.blueafricasummit.com\/en\/inscription\/","og_locale":"en_US","og_type":"article","og_title":"Inscription - Blue Africa Summit","og_description":"3e r\u00e9union des coll\u00e8ges d\u2019experts pour un Pacte pour une Afrique bleue durable &#8211; Africa Blue Compass &#8211; 29 janvier 2026. Contribuez aux \u00e9changes en ligne ou en pr\u00e9sentiel \u00e0 Rabat au Maroc ! Inscrivez-vous avant le 27 d\u00e9cembre et [&hellip;]","og_url":"https:\/\/www.blueafricasummit.com\/en\/inscription\/","og_site_name":"Blue Africa Summit","article_modified_time":"2026-01-20T07:47:27+00:00","og_image":[{"url":"https:\/\/www.blueafricasummit.com\/wp-content\/uploads\/2025\/12\/Bas-ABC-banniere-.png","type":"","width":"","height":""}],"twitter_card":"summary_large_image","twitter_misc":{"Est. reading time":"1 minute"},"schema":{"@context":"https:\/\/schema.org","@graph":[{"@type":"WebPage","@id":"https:\/\/www.blueafricasummit.com\/inscription\/","url":"https:\/\/www.blueafricasummit.com\/inscription\/","name":"Inscription - Blue Africa Summit","isPartOf":{"@id":"https:\/\/www.blueafricasummit.com\/#website"},"primaryImageOfPage":{"@id":"https:\/\/www.blueafricasummit.com\/inscription\/#primaryimage"},"image":{"@id":"https:\/\/www.blueafricasummit.com\/inscription\/#primaryimage"},"thumbnailUrl":"https:\/\/www.blueafricasummit.com\/wp-content\/uploads\/2025\/12\/Bas-ABC-banniere-.png","datePublished":"2024-09-18T13:45:25+00:00","dateModified":"2026-01-20T07:47:27+00:00","breadcrumb":{"@id":"https:\/\/www.blueafricasummit.com\/inscription\/#breadcrumb"},"inLanguage":"en-US","potentialAction":[{"@type":"ReadAction","target":["https:\/\/www.blueafricasummit.com\/inscription\/"]}]},{"@type":"ImageObject","inLanguage":"en-US","@id":"https:\/\/www.blueafricasummit.com\/inscription\/#primaryimage","url":"https:\/\/www.blueafricasummit.com\/wp-content\/uploads\/2025\/12\/Bas-ABC-banniere-.png","contentUrl":"https:\/\/www.blueafricasummit.com\/wp-content\/uploads\/2025\/12\/Bas-ABC-banniere-.png"},{"@type":"BreadcrumbList","@id":"https:\/\/www.blueafricasummit.com\/inscription\/#breadcrumb","itemListElement":[{"@type":"ListItem","position":1,"name":"Accueil","item":"https:\/\/www.blueafricasummit.com\/"},{"@type":"ListItem","position":2,"name":"Inscription"}]},{"@type":"WebSite","@id":"https:\/\/www.blueafricasummit.com\/#website","url":"https:\/\/www.blueafricasummit.com\/","name":"Blue Africa Summit","description":"","potentialAction":[{"@type":"SearchAction","target":{"@type":"EntryPoint","urlTemplate":"https:\/\/www.blueafricasummit.com\/?s={search_term_string}"},"query-input":{"@type":"PropertyValueSpecification","valueRequired":true,"valueName":"search_term_string"}}],"inLanguage":"en-US"}]}},"_links":{"self":[{"href":"https:\/\/www.blueafricasummit.com\/en\/wp-json\/wp\/v2\/pages\/4715","targetHints":{"allow":["GET"]}}],"collection":[{"href":"https:\/\/www.blueafricasummit.com\/en\/wp-json\/wp\/v2\/pages"}],"about":[{"href":"https:\/\/www.blueafricasummit.com\/en\/wp-json\/wp\/v2\/types\/page"}],"author":[{"embeddable":true,"href":"https:\/\/www.blueafricasummit.com\/en\/wp-json\/wp\/v2\/users\/1"}],"replies":[{"embeddable":true,"href":"https:\/\/www.blueafricasummit.com\/en\/wp-json\/wp\/v2\/comments?post=4715"}],"version-history":[{"count":58,"href":"https:\/\/www.blueafricasummit.com\/en\/wp-json\/wp\/v2\/pages\/4715\/revisions"}],"predecessor-version":[{"id":8422,"href":"https:\/\/www.blueafricasummit.com\/en\/wp-json\/wp\/v2\/pages\/4715\/revisions\/8422"}],"wp:attachment":[{"href":"https:\/\/www.blueafricasummit.com\/en\/wp-json\/wp\/v2\/media?parent=4715"}],"curies":[{"name":"wp","href":"https:\/\/api.w.org\/{rel}","templated":true}]}}